{"id":341,"date":"2023-09-16T13:52:53","date_gmt":"2023-09-16T11:52:53","guid":{"rendered":"http:\/\/s587574322.onlinehome.fr\/?page_id=341"},"modified":"2023-09-16T13:56:50","modified_gmt":"2023-09-16T11:56:50","slug":"nous-contacter","status":"publish","type":"page","link":"http:\/\/s587574322.onlinehome.fr\/?page_id=341","title":{"rendered":"Nous contacter"},"content":{"rendered":"\n<h2 class=\"wp-block-heading\">Contactez-nous<\/h2>\n\n\n\n<div class=\"wp-block-uagb-container uagb-block-87d193f9 alignfull uagb-is-root-container\"><div class=\"uagb-container-inner-blocks-wrap\">\n<p>Vous souhaitez vous <strong>inscrire<\/strong>, <strong>demander des renseignements<\/strong> ou r\u00e9server votre <strong>cours d&rsquo;essai offert<\/strong> ? Contactez nous via le formulaire ci-dessous<\/p>\n\n\n\n<div class=\"wp-block-uagb-forms uagb-forms__outer-wrap uagb-block-d36a1f17 uagb-forms__medium-btn\"><form class=\"uagb-forms-main-form\" method=\"post\" autocomplete=\"on\" name=\"uagb-form-d36a1f17\">\n<div class=\"wp-block-uagb-forms-name uagb-forms-name-wrap uagb-forms-field-set uagb-block-faad48fc\"><div class=\"uagb-forms-name-label required uagb-forms-input-label\" id=\"faad48fc\">Pr\u00e9nom<\/div><input type=\"text\" placeholder=\"\" required class=\"uagb-forms-name-input uagb-forms-input\" name=\"faad48fc\" autocomplete=\"given-name\"\/><\/div>\n\n\n\n<div class=\"wp-block-uagb-forms-name uagb-forms-name-wrap uagb-forms-field-set uagb-block-5652c665\"><div class=\"uagb-forms-name-label required uagb-forms-input-label\" id=\"5652c665\">Nom de Famille<\/div><input type=\"text\" placeholder=\"\" required class=\"uagb-forms-name-input uagb-forms-input\" name=\"5652c665\" autocomplete=\"family-name\"\/><\/div>\n\n\n\n<div class=\"wp-block-uagb-forms-email uagb-forms-email-wrap uagb-forms-field-set uagb-block-d28e4c70\"><div class=\"uagb-forms-email-label  uagb-forms-input-label\" id=\"d28e4c70\">E-mail<\/div><input type=\"email\" class=\"uagb-forms-email-input uagb-forms-input\" placeholder=\"exemple@mail.com\" name=\"d28e4c70\" autocomplete=\"email\"\/><\/div>\n\n\n\n<div class=\"wp-block-uagb-forms-textarea uagb-forms-textarea-wrap uagb-forms-field-set uagb-block-8d305766\"><div class=\"uagb-forms-textarea-label required uagb-forms-input-label\" id=\"8d305766\">Message<\/div><textarea required class=\"uagb-forms-textarea-input uagb-forms-input\" rows=\"4\" placeholder=\"Saisissez votre message\" name=\"8d305766\" autocomplete=\"off\"><\/textarea><\/div>\n<div class=\"uagb-forms-form-hidden-data\"><input type=\"hidden\" class=\"uagb_forms_form_label\" value=\"Formulaire de contact\"\/><input type=\"hidden\" class=\"uagb_forms_form_id\" value=\"uagb-form-d36a1f17\"\/><\/div><div class=\"uagb-form-reacaptcha-error-d36a1f17\"><\/div><div class=\"uagb-forms-main-submit-button-wrap wp-block-button\"><button class=\"uagb-forms-main-submit-button wp-block-button__link\"><div class=\"uagb-forms-main-submit-button-text\">Envoyer<\/div><\/button><\/div><\/form><div class=\"uagb-forms-success-message-d36a1f17 uagb-forms-submit-message-hide\"><span>Le formulaire a bien \u00e9t\u00e9 envoy\u00e9\u00a0!<\/span><\/div><div class=\"uagb-forms-failed-message-d36a1f17 uagb-forms-submit-message-hide\"><span>Une erreur s\u2019est produite lors de l\u2019envoi du formulaire. Veuillez v\u00e9rifier \u00e0 nouveau tous les champs du formulaire.<\/span><\/div><\/div>\n<\/div><\/div>\n","protected":false},"excerpt":{"rendered":"<p>Contactez-nous Vous souhaitez vous inscrire, demander des renseignements ou r\u00e9server votre cours d&rsquo;essai offert ? Contactez nous via le formulaire ci-dessous<\/p>\n","protected":false},"author":1,"featured_media":0,"parent":0,"menu_order":0,"comment_status":"closed","ping_status":"closed","template":"","meta":{"_uag_custom_page_level_css":"","site-sidebar-layout":"default","site-content-layout":"","ast-site-content-layout":"","site-content-style":"default","site-sidebar-style":"default","ast-global-header-display":"","ast-banner-title-visibility":"","ast-main-header-display":"","ast-hfb-above-header-display":"","ast-hfb-below-header-display":"","ast-hfb-mobile-header-display":"","site-post-title":"","ast-breadcrumbs-content":"","ast-featured-img":"","footer-sml-layout":"","theme-transparent-header-meta":"","adv-header-id-meta":"","stick-header-meta":"","header-above-stick-meta":"","header-main-stick-meta":"","header-below-stick-meta":"","astra-migrate-meta-layouts":"","footnotes":""},"class_list":["post-341","page","type-page","status-publish","hentry"],"uagb_featured_image_src":{"full":false,"thumbnail":false,"medium":false,"medium_large":false,"large":false,"1536x1536":false,"2048x2048":false},"uagb_author_info":{"display_name":"totalsamboaquitaine","author_link":"http:\/\/s587574322.onlinehome.fr\/?author=1"},"uagb_comment_info":0,"uagb_excerpt":"Contactez-nous Vous souhaitez vous inscrire, demander des renseignements ou r\u00e9server votre cours d&rsquo;essai offert ? Contactez nous via le formulaire ci-dessous","_links":{"self":[{"href":"http:\/\/s587574322.onlinehome.fr\/index.php?rest_route=\/wp\/v2\/pages\/341","targetHints":{"allow":["GET"]}}],"collection":[{"href":"http:\/\/s587574322.onlinehome.fr\/index.php?rest_route=\/wp\/v2\/pages"}],"about":[{"href":"http:\/\/s587574322.onlinehome.fr\/index.php?rest_route=\/wp\/v2\/types\/page"}],"author":[{"embeddable":true,"href":"http:\/\/s587574322.onlinehome.fr\/index.php?rest_route=\/wp\/v2\/users\/1"}],"replies":[{"embeddable":true,"href":"http:\/\/s587574322.onlinehome.fr\/index.php?rest_route=%2Fwp%2Fv2%2Fcomments&post=341"}],"version-history":[{"count":3,"href":"http:\/\/s587574322.onlinehome.fr\/index.php?rest_route=\/wp\/v2\/pages\/341\/revisions"}],"predecessor-version":[{"id":349,"href":"http:\/\/s587574322.onlinehome.fr\/index.php?rest_route=\/wp\/v2\/pages\/341\/revisions\/349"}],"wp:attachment":[{"href":"http:\/\/s587574322.onlinehome.fr\/index.php?rest_route=%2Fwp%2Fv2%2Fmedia&parent=341"}],"curies":[{"name":"wp","href":"https:\/\/api.w.org\/{rel}","templated":true}]}}