{"id":255,"date":"2023-09-16T12:50:01","date_gmt":"2023-09-16T10:50:01","guid":{"rendered":"http:\/\/s587574322.onlinehome.fr\/?page_id=255"},"modified":"2023-09-16T12:56:09","modified_gmt":"2023-09-16T10:56:09","slug":"nos-partenaires","status":"publish","type":"page","link":"http:\/\/s587574322.onlinehome.fr\/?page_id=255","title":{"rendered":"Nos partenaires"},"content":{"rendered":"\n<div class=\"wp-block-uagb-container uagb-block-7cb3de3e alignfull uagb-is-root-container\"><div class=\"uagb-container-inner-blocks-wrap\">\n<div class=\"wp-block-uagb-container uagb-block-c38c68ad\">\n<div class=\"wp-block-uagb-image aligncenter uagb-block-5e35a7a9 wp-block-uagb-image--layout-default wp-block-uagb-image--effect-static wp-block-uagb-image--align-center\"><figure class=\"wp-block-uagb-image__figure\"><img decoding=\"async\" srcset=\"http:\/\/s587574322.onlinehome.fr\/wp-content\/uploads\/2023\/09\/logo-samboFrance-REV_page_001-1-237x300-1.jpg \" sizes=\"auto, (max-width: 480px) 150px\" src=\"http:\/\/s587574322.onlinehome.fr\/wp-content\/uploads\/2023\/09\/logo-samboFrance-REV_page_001-1-237x300-1.jpg\" alt=\"\" class=\"uag-image-256\" width=\"237\" height=\"300\" title=\"\" loading=\"lazy\"\/><\/figure><\/div>\n<\/div>\n\n\n\n<div class=\"wp-block-uagb-container uagb-block-06f2f19a\">\n<div class=\"wp-block-uagb-advanced-heading uagb-block-7d6bf5ba\"><h2 class=\"uagb-heading-text\"><strong>SAMBOFRANCE<\/strong><\/h2><\/div>\n\n\n\n<p><a href=\"https:\/\/totalsamboaquitaine.fr\/le-sambo\/\">TSA<\/a>\u00a0est affili\u00e9e au Comit\u00e9 Fran\u00e7ais de Sambo (<a href=\"https:\/\/sambofrance.com\/\">SamboFrance)<\/a>\u00a0qui\u00a0 f\u00e9d\u00e8re en France les organisations participant \u00e0 la vie du\u00a0<a href=\"https:\/\/totalsamboaquitaine.fr\/https-totalsamboaquitaine-fr-sport-combat-defense-personnelle-mma\/\">Sambo<\/a>.<br>Le Comit\u00e9 Fran\u00e7ais de Sambo organise les comp\u00e9titions de Sambo sur le territoire national et les \u00e9changes avec les nations voisines. Le calendrier est accessible sur le site\u00a0<a href=\"https:\/\/sambofrance.com\/\">Sambofrance.com<\/a>\u00a0 (<a href=\"https:\/\/sambofrance.com\/calendrier-2022-2023\">calendrier<\/a>)<br>Le Comit\u00e9 Fran\u00e7ais de Sambo (CFS) est reconnu par la\u00a0<a href=\"https:\/\/sambo.sport\/en\/federations\/\">FIAS<\/a>\u00a0(F\u00e9d\u00e9ration Internationale de Sambo Amateur) et l&rsquo;<a href=\"https:\/\/eurosambo.com\/fr\/federation\/\">EFS<\/a>\u00a0(F\u00e9d\u00e9ration Europ\u00e9enne de Sambo).<\/p>\n<\/div>\n<\/div><\/div>\n\n\n\n<div class=\"wp-block-uagb-container uagb-block-957bb6fa alignfull uagb-is-root-container\"><div class=\"uagb-container-inner-blocks-wrap\">\n<div class=\"wp-block-uagb-container uagb-block-f372b06e\">\n<div class=\"wp-block-uagb-advanced-heading uagb-block-873ebbf0\"><h2 class=\"uagb-heading-text\"><strong>Acad\u00e9mie Damo Yuan<\/strong><\/h2><\/div>\n\n\n\n<p class=\"has-text-align-right\">Dans le quartier Les Chartrons de Bordeaux, l&rsquo;Acad\u00e9mie Damo Yuan est une structure multi-activit\u00e9s (arts martiaux, sports de combat, danses \u2026).<br>Nous voir chez Damo :\u00a0<a href=\"https:\/\/www.damoyuan-bordeaux.org\/sambo\">Sambo \u2013 Total sambo aquitaine<\/a><\/p>\n<\/div>\n\n\n\n<div class=\"wp-block-uagb-container uagb-block-8af01f56\">\n<div class=\"wp-block-uagb-image aligncenter uagb-block-6c867b54 wp-block-uagb-image--layout-default wp-block-uagb-image--effect-static wp-block-uagb-image--align-center\"><figure class=\"wp-block-uagb-image__figure\"><img decoding=\"async\" srcset=\"http:\/\/s587574322.onlinehome.fr\/wp-content\/uploads\/2023\/09\/logo.webp \" sizes=\"auto, (max-width: 480px) 150px\" src=\"http:\/\/s587574322.onlinehome.fr\/wp-content\/uploads\/2023\/09\/logo.webp\" alt=\"\" class=\"uag-image-261\" width=\"200\" height=\"182\" title=\"\" loading=\"lazy\"\/><\/figure><\/div>\n<\/div>\n<\/div><\/div>\n\n\n\n<div class=\"wp-block-uagb-container uagb-block-eaebf36a alignfull uagb-is-root-container\"><div class=\"uagb-container-inner-blocks-wrap\">\n<div class=\"wp-block-uagb-container uagb-block-163311ff\">\n<div class=\"wp-block-uagb-image aligncenter uagb-block-b19eaaa2 wp-block-uagb-image--layout-default wp-block-uagb-image--effect-static wp-block-uagb-image--align-center\"><figure class=\"wp-block-uagb-image__figure\"><img decoding=\"async\" srcset=\"http:\/\/s587574322.onlinehome.fr\/wp-content\/uploads\/2023\/09\/kartinka_3_500.jpg \" sizes=\"auto, (max-width: 480px) 150px\" src=\"http:\/\/s587574322.onlinehome.fr\/wp-content\/uploads\/2023\/09\/kartinka_3_500.jpg\" alt=\"\" class=\"uag-image-267\" width=\"250\" height=\"122\" title=\"\" loading=\"lazy\"\/><\/figure><\/div>\n<\/div>\n\n\n\n<div class=\"wp-block-uagb-container uagb-block-331b2ac7\">\n<h2 class=\"wp-block-heading\"><strong>F\u00e9d\u00e9ration Europ\u00e9enne de Sambo<\/strong><a href=\"https:\/\/eurosambo.com\/\"><\/a><\/h2>\n\n\n\n<p>L\u2019association internationale des organisations publiques \u201cF\u00e9d\u00e9ration Europ\u00e9enne de Sambo\u201d\u00a0(ESF) a \u00e9t\u00e9 cr\u00e9e en 1991, et ult\u00e9rieurement enregistr\u00e9e en 2005. Elle est affili\u00e9e \u00e0 la F\u00e9d\u00e9ration Internationale de Sambo (FIAS).<\/p>\n<\/div>\n<\/div><\/div>\n\n\n\n<div class=\"wp-block-uagb-container uagb-block-b97605b2 alignfull uagb-is-root-container\"><div class=\"uagb-container-inner-blocks-wrap\">\n<div class=\"wp-block-uagb-container uagb-block-78ac6c99\">\n<div class=\"wp-block-uagb-advanced-heading uagb-block-bdc38e54\"><h2 class=\"uagb-heading-text\"><strong><strong>F\u00e9d\u00e9ration Internationale de Sambo Amateur<\/strong><\/strong><\/h2><\/div>\n\n\n\n<p class=\"has-text-align-right\">SAMBO International Federation (FIAS) is a non-governmental public non-commercial organisation, uniting national SAMBO federations. FIAS is the only recognised international organisation being in charge of the development of SAMBO in the world.<\/p>\n<\/div>\n\n\n\n<div class=\"wp-block-uagb-container uagb-block-8d0ec9c4\">\n<div class=\"wp-block-uagb-image aligncenter uagb-block-55800fe7 wp-block-uagb-image--layout-default wp-block-uagb-image--effect-static wp-block-uagb-image--align-center\"><figure class=\"wp-block-uagb-image__figure\"><img decoding=\"async\" srcset=\"http:\/\/s587574322.onlinehome.fr\/wp-content\/uploads\/2023\/09\/Logo_FIAS-300x264-1.png \" sizes=\"auto, (max-width: 480px) 150px\" src=\"http:\/\/s587574322.onlinehome.fr\/wp-content\/uploads\/2023\/09\/Logo_FIAS-300x264-1.png\" alt=\"\" class=\"uag-image-269\" width=\"200\" height=\"182\" title=\"\" loading=\"lazy\"\/><\/figure><\/div>\n<\/div>\n<\/div><\/div>\n","protected":false},"excerpt":{"rendered":"<p>SAMBOFRANCE TSA\u00a0est affili\u00e9e au Comit\u00e9 Fran\u00e7ais de Sambo (SamboFrance)\u00a0qui\u00a0 f\u00e9d\u00e8re en France les organisations participant \u00e0 la vie du\u00a0Sambo.Le Comit\u00e9 Fran\u00e7ais de Sambo organise les comp\u00e9titions de Sambo sur le territoire national et les \u00e9changes avec les nations voisines. Le calendrier est accessible sur le site\u00a0Sambofrance.com\u00a0 (calendrier)Le Comit\u00e9 Fran\u00e7ais de Sambo (CFS) est reconnu par &hellip;<\/p>\n<p class=\"read-more\"> <a class=\"\" href=\"http:\/\/s587574322.onlinehome.fr\/?page_id=255\"> <span class=\"screen-reader-text\">Nos partenaires<\/span> Lire la suite\u00a0\u00bb<\/a><\/p>\n","protected":false},"author":1,"featured_media":0,"parent":0,"menu_order":0,"comment_status":"closed","ping_status":"closed","template":"","meta":{"_uag_custom_page_level_css":"","site-sidebar-layout":"default","site-content-layout":"","ast-site-content-layout":"","site-content-style":"default","site-sidebar-style":"default","ast-global-header-display":"","ast-banner-title-visibility":"","ast-main-header-display":"","ast-hfb-above-header-display":"","ast-hfb-below-header-display":"","ast-hfb-mobile-header-display":"","site-post-title":"","ast-breadcrumbs-content":"","ast-featured-img":"","footer-sml-layout":"","theme-transparent-header-meta":"","adv-header-id-meta":"","stick-header-meta":"","header-above-stick-meta":"","header-main-stick-meta":"","header-below-stick-meta":"","astra-migrate-meta-layouts":"","footnotes":""},"class_list":["post-255","page","type-page","status-publish","hentry"],"uagb_featured_image_src":{"full":false,"thumbnail":false,"medium":false,"medium_large":false,"large":false,"1536x1536":false,"2048x2048":false},"uagb_author_info":{"display_name":"totalsamboaquitaine","author_link":"http:\/\/s587574322.onlinehome.fr\/?author=1"},"uagb_comment_info":0,"uagb_excerpt":"SAMBOFRANCE TSA\u00a0est affili\u00e9e au Comit\u00e9 Fran\u00e7ais de Sambo (SamboFrance)\u00a0qui\u00a0 f\u00e9d\u00e8re en France les organisations participant \u00e0 la vie du\u00a0Sambo.Le Comit\u00e9 Fran\u00e7ais de Sambo organise les comp\u00e9titions de Sambo sur le territoire national et les \u00e9changes avec les nations voisines. Le calendrier est accessible sur le site\u00a0Sambofrance.com\u00a0 (calendrier)Le Comit\u00e9 Fran\u00e7ais de Sambo (CFS) est reconnu par\u2026","_links":{"self":[{"href":"http:\/\/s587574322.onlinehome.fr\/index.php?rest_route=\/wp\/v2\/pages\/255","targetHints":{"allow":["GET"]}}],"collection":[{"href":"http:\/\/s587574322.onlinehome.fr\/index.php?rest_route=\/wp\/v2\/pages"}],"about":[{"href":"http:\/\/s587574322.onlinehome.fr\/index.php?rest_route=\/wp\/v2\/types\/page"}],"author":[{"embeddable":true,"href":"http:\/\/s587574322.onlinehome.fr\/index.php?rest_route=\/wp\/v2\/users\/1"}],"replies":[{"embeddable":true,"href":"http:\/\/s587574322.onlinehome.fr\/index.php?rest_route=%2Fwp%2Fv2%2Fcomments&post=255"}],"version-history":[{"count":10,"href":"http:\/\/s587574322.onlinehome.fr\/index.php?rest_route=\/wp\/v2\/pages\/255\/revisions"}],"predecessor-version":[{"id":270,"href":"http:\/\/s587574322.onlinehome.fr\/index.php?rest_route=\/wp\/v2\/pages\/255\/revisions\/270"}],"wp:attachment":[{"href":"http:\/\/s587574322.onlinehome.fr\/index.php?rest_route=%2Fwp%2Fv2%2Fmedia&parent=255"}],"curies":[{"name":"wp","href":"https:\/\/api.w.org\/{rel}","templated":true}]}}