{"id":143,"date":"2023-08-19T16:49:10","date_gmt":"2023-08-19T14:49:10","guid":{"rendered":"http:\/\/s587574322.onlinehome.fr\/?page_id=143"},"modified":"2023-09-16T12:41:28","modified_gmt":"2023-09-16T10:41:28","slug":"le-samboiste","status":"publish","type":"page","link":"http:\/\/s587574322.onlinehome.fr\/?page_id=143","title":{"rendered":"Le Sambo\u00efste"},"content":{"rendered":"\n<div class=\"wp-block-uagb-container uagb-block-7e66272c alignfull uagb-is-root-container\"><div class=\"uagb-container-inner-blocks-wrap\">\n<div class=\"wp-block-uagb-container uagb-block-d6ceddc7\">\n<figure class=\"wp-block-image size-full\"><img loading=\"lazy\" decoding=\"async\" width=\"362\" height=\"394\" src=\"http:\/\/s587574322.onlinehome.fr\/wp-content\/uploads\/2023\/09\/tenue-sambo-sportif.jpg\" alt=\"\" class=\"wp-image-246\" srcset=\"http:\/\/s587574322.onlinehome.fr\/wp-content\/uploads\/2023\/09\/tenue-sambo-sportif.jpg 362w, http:\/\/s587574322.onlinehome.fr\/wp-content\/uploads\/2023\/09\/tenue-sambo-sportif-276x300.jpg 276w\" sizes=\"auto, (max-width: 362px) 100vw, 362px\" \/><\/figure>\n<\/div>\n\n\n\n<div class=\"wp-block-uagb-container uagb-block-52217f58\">\n<div class=\"wp-block-uagb-advanced-heading uagb-block-41720262\"><h2 class=\"uagb-heading-text\">Le sambo\u00efste sportif<\/h2><\/div>\n\n\n\n<p>Le sambo\u00efste sportif est \u00e9quip\u00e9, en rouge ou en bleu, d&rsquo;une veste (kurka), d&rsquo;un short (trusi), et de chaussures souples (bortsovski). En comp\u00e9tition, le premier appel\u00e9 sur le tapis est habill\u00e9 en rouge.<\/p>\n<\/div>\n<\/div><\/div>\n\n\n\n<div class=\"wp-block-uagb-container uagb-block-be0c4954 alignfull uagb-is-root-container\"><div class=\"uagb-container-inner-blocks-wrap\">\n<div class=\"wp-block-uagb-container uagb-block-c28e1112\">\n<div class=\"wp-block-uagb-advanced-heading uagb-block-78521660\"><h2 class=\"uagb-heading-text\"><strong>Le sambo\u00efste de combat<\/strong><\/h2><\/div>\n\n\n\n<p class=\"has-text-align-right\">Pour le sambo\u00efste de combat, s&rsquo;ajoutent un casque, des gants, un prot\u00e8ge-dents, une coquille, et un prot\u00e8ge-poitrine pour les femmes.<br>En loisir ou en comp\u00e9tition, la protection du pratiquant est un objectif.<\/p>\n<\/div>\n\n\n\n<div class=\"wp-block-uagb-container uagb-block-23e31801\">\n<div class=\"wp-block-uagb-image uagb-block-f23450eb wp-block-uagb-image--layout-default wp-block-uagb-image--effect-static wp-block-uagb-image--align-none\"><figure class=\"wp-block-uagb-image__figure\"><img decoding=\"async\" srcset=\"http:\/\/s587574322.onlinehome.fr\/wp-content\/uploads\/2023\/09\/tenue-sambo-combat-1.jpg \" sizes=\"auto, (max-width: 480px) 150px\" src=\"http:\/\/s587574322.onlinehome.fr\/wp-content\/uploads\/2023\/09\/tenue-sambo-combat-1.jpg\" alt=\"\" class=\"uag-image-248\" width=\"410\" height=\"497\" title=\"\" loading=\"lazy\"\/><\/figure><\/div>\n<\/div>\n<\/div><\/div>\n","protected":false},"excerpt":{"rendered":"<p>Le sambo\u00efste sportif Le sambo\u00efste sportif est \u00e9quip\u00e9, en rouge ou en bleu, d&rsquo;une veste (kurka), d&rsquo;un short (trusi), et de chaussures souples (bortsovski). En comp\u00e9tition, le premier appel\u00e9 sur le tapis est habill\u00e9 en rouge. Le sambo\u00efste de combat Pour le sambo\u00efste de combat, s&rsquo;ajoutent un casque, des gants, un prot\u00e8ge-dents, une coquille, et &hellip;<\/p>\n<p class=\"read-more\"> <a class=\"\" href=\"http:\/\/s587574322.onlinehome.fr\/?page_id=143\"> <span class=\"screen-reader-text\">Le Sambo\u00efste<\/span> Lire la suite\u00a0\u00bb<\/a><\/p>\n","protected":false},"author":1,"featured_media":0,"parent":0,"menu_order":0,"comment_status":"closed","ping_status":"closed","template":"","meta":{"_uag_custom_page_level_css":"","site-sidebar-layout":"default","site-content-layout":"","ast-site-content-layout":"","site-content-style":"default","site-sidebar-style":"default","ast-global-header-display":"","ast-banner-title-visibility":"","ast-main-header-display":"","ast-hfb-above-header-display":"","ast-hfb-below-header-display":"","ast-hfb-mobile-header-display":"","site-post-title":"","ast-breadcrumbs-content":"","ast-featured-img":"","footer-sml-layout":"","theme-transparent-header-meta":"","adv-header-id-meta":"","stick-header-meta":"","header-above-stick-meta":"","header-main-stick-meta":"","header-below-stick-meta":"","astra-migrate-meta-layouts":"","footnotes":""},"class_list":["post-143","page","type-page","status-publish","hentry"],"uagb_featured_image_src":{"full":false,"thumbnail":false,"medium":false,"medium_large":false,"large":false,"1536x1536":false,"2048x2048":false},"uagb_author_info":{"display_name":"totalsamboaquitaine","author_link":"http:\/\/s587574322.onlinehome.fr\/?author=1"},"uagb_comment_info":0,"uagb_excerpt":"Le sambo\u00efste sportif Le sambo\u00efste sportif est \u00e9quip\u00e9, en rouge ou en bleu, d&rsquo;une veste (kurka), d&rsquo;un short (trusi), et de chaussures souples (bortsovski). En comp\u00e9tition, le premier appel\u00e9 sur le tapis est habill\u00e9 en rouge. Le sambo\u00efste de combat Pour le sambo\u00efste de combat, s&rsquo;ajoutent un casque, des gants, un prot\u00e8ge-dents, une coquille, et\u2026","_links":{"self":[{"href":"http:\/\/s587574322.onlinehome.fr\/index.php?rest_route=\/wp\/v2\/pages\/143","targetHints":{"allow":["GET"]}}],"collection":[{"href":"http:\/\/s587574322.onlinehome.fr\/index.php?rest_route=\/wp\/v2\/pages"}],"about":[{"href":"http:\/\/s587574322.onlinehome.fr\/index.php?rest_route=\/wp\/v2\/types\/page"}],"author":[{"embeddable":true,"href":"http:\/\/s587574322.onlinehome.fr\/index.php?rest_route=\/wp\/v2\/users\/1"}],"replies":[{"embeddable":true,"href":"http:\/\/s587574322.onlinehome.fr\/index.php?rest_route=%2Fwp%2Fv2%2Fcomments&post=143"}],"version-history":[{"count":6,"href":"http:\/\/s587574322.onlinehome.fr\/index.php?rest_route=\/wp\/v2\/pages\/143\/revisions"}],"predecessor-version":[{"id":252,"href":"http:\/\/s587574322.onlinehome.fr\/index.php?rest_route=\/wp\/v2\/pages\/143\/revisions\/252"}],"wp:attachment":[{"href":"http:\/\/s587574322.onlinehome.fr\/index.php?rest_route=%2Fwp%2Fv2%2Fmedia&parent=143"}],"curies":[{"name":"wp","href":"https:\/\/api.w.org\/{rel}","templated":true}]}}