{"id":110,"date":"2023-08-19T16:24:00","date_gmt":"2023-08-19T14:24:00","guid":{"rendered":"http:\/\/s587574322.onlinehome.fr\/?page_id=110"},"modified":"2023-09-16T14:01:54","modified_gmt":"2023-09-16T12:01:54","slug":"le-sambo","status":"publish","type":"page","link":"http:\/\/s587574322.onlinehome.fr\/?page_id=110","title":{"rendered":"Tout savoir sur le Sambo"},"content":{"rendered":"\n<div class=\"wp-block-uagb-container uagb-block-267780a4 alignfull uagb-is-root-container\"><div class=\"uagb-container-inner-blocks-wrap\">\n<div class=\"wp-block-uagb-container uagb-block-d6616ab3\">\n<figure class=\"wp-block-image size-large\"><img loading=\"lazy\" decoding=\"async\" width=\"1024\" height=\"682\" src=\"http:\/\/s587574322.onlinehome.fr\/wp-content\/uploads\/2023\/08\/sambo-2-1024x682.jpg\" alt=\"\" class=\"wp-image-199\" srcset=\"http:\/\/s587574322.onlinehome.fr\/wp-content\/uploads\/2023\/08\/sambo-2-1024x682.jpg 1024w, http:\/\/s587574322.onlinehome.fr\/wp-content\/uploads\/2023\/08\/sambo-2-300x200.jpg 300w, http:\/\/s587574322.onlinehome.fr\/wp-content\/uploads\/2023\/08\/sambo-2-768x512.jpg 768w, http:\/\/s587574322.onlinehome.fr\/wp-content\/uploads\/2023\/08\/sambo-2.jpg 1280w\" sizes=\"auto, (max-width: 1024px) 100vw, 1024px\" \/><\/figure>\n<\/div>\n\n\n\n<div class=\"wp-block-uagb-container uagb-block-7fb93d8f\">\n<h2 class=\"wp-block-heading\">LE SAMBO, <strong>UN ART MARTIAL MIXTE MODERNE<\/strong><\/h2>\n\n\n\n<p>Le Sambo est un art martial&nbsp;<strong>mixte<\/strong>&nbsp;par excellence. D&rsquo;origine sovi\u00e9tique, il ne compte pas moins&nbsp;<a href=\"https:\/\/www.bing.com\/ck\/a?!&amp;&amp;p=add0c03b9105b48aJmltdHM9MTY2NjQ4MzIwMCZpZ3VpZD0yNDc3NDVjMS1lNzkxLTZiMTktMWNkMy01NDU2ZTZlZDZhODYmaW5zaWQ9NTIyOA&amp;ptn=3&amp;hsh=3&amp;fclid=247745c1-e791-6b19-1cd3-5456e6ed6a86&amp;psq=histoire+du+sambo&amp;u=a1aHR0cHM6Ly9mci53aWtpcGVkaWEub3JnL3dpa2kvU2FtYm8&amp;ntb=1\">trois p\u00e8res fondateurs<\/a>, et de nombreuses techniques inspiratrices. Fort de son&nbsp;<a href=\"https:\/\/www.zanshin.fr\/le-sambo-sport-de-combat-russe\/\">succ\u00e8s<\/a>&nbsp;face aux nazis, il se d\u00e9veloppe sous une forme&nbsp; sportive (luttes au corps-\u00e0-corps + compressions), une forme de combat (forme sportive + pieds-poings + \u00e9tranglements), et une forme de d\u00e9fense (combat total \u00e0 vocation militaire ou pour la d\u00e9fense personnelle).<\/p>\n<\/div>\n<\/div><\/div>\n\n\n\n<div class=\"wp-block-uagb-container uagb-block-713a64ea alignfull uagb-is-root-container\"><div class=\"uagb-container-inner-blocks-wrap\">\n<div class=\"wp-block-uagb-container uagb-block-a30cdc80\">\n<h2 class=\"wp-block-heading\">DES STEPPES <strong>\u00c0 BORDEAUX<\/strong><\/h2>\n\n\n\n<p>Le sambo (<strong><em>Sam<\/em><\/strong><em>ozachtchita&nbsp;<strong>b<\/strong>ez&nbsp;<strong>o<\/strong>roujiya<\/em>) est une m\u00e9thode compl\u00e8te d\u2019<a href=\"https:\/\/www.bing.com\/ck\/a?!&amp;&amp;p=c99b625e8816ec6bJmltdHM9MTY2NjQ4MzIwMCZpZ3VpZD0yNDc3NDVjMS1lNzkxLTZiMTktMWNkMy01NDU2ZTZlZDZhODYmaW5zaWQ9NTE4NA&amp;ptn=3&amp;hsh=3&amp;fclid=247745c1-e791-6b19-1cd3-5456e6ed6a86&amp;psq=histoire+du+sambo&amp;u=a1aHR0cHM6Ly93d3cuc2FtYm9mcmFuY2UuY29tL2xhLWdyYW5kZS1oaXN0b2lyZS1kdS1zYW1ibw&amp;ntb=1\"><em>autod\u00e9fense sans arme<\/em><\/a>.<\/p>\n\n\n\n<p>Ses&nbsp;techniques nombreuses (plus de 5&nbsp;000 prises) dans trois grandes cat\u00e9gories&nbsp;: projections, les&nbsp;contr\u00f4les articulaires&nbsp;et les&nbsp;immobilisations, en font la matrice des combats libres modernes. Pour exemple, les champions du sambo brillent en MMA&nbsp;:&nbsp;<a href=\"https:\/\/www.zanshin.fr\/le-sambo-sport-de-combat-russe\/\">Fedor<\/a><a href=\"https:\/\/totalsamboaquitaine.fr\/le-sambo\/#_ftn1\">[1]<\/a>, Khabib<a href=\"https:\/\/totalsamboaquitaine.fr\/le-sambo\/#_ftn2\">[2]<\/a>.<\/p>\n<\/div>\n\n\n\n<div class=\"wp-block-uagb-container uagb-block-2c4149c3\">\n<div class=\"wp-block-uagb-image uagb-block-7fe903f4 wp-block-uagb-image--layout-default wp-block-uagb-image--effect-static wp-block-uagb-image--align-none\"><figure class=\"wp-block-uagb-image__figure\"><img decoding=\"async\" srcset=\"http:\/\/s587574322.onlinehome.fr\/wp-content\/uploads\/2023\/08\/kurash.jpg \" sizes=\"auto, (max-width: 480px) 150px\" src=\"http:\/\/s587574322.onlinehome.fr\/wp-content\/uploads\/2023\/08\/kurash.jpg\" alt=\"L'apport du Kurash est net dans le Sambo-Plage\" class=\"uag-image-202\" width=\"474\" height=\"266\" title=\"\" loading=\"lazy\"\/><figcaption class=\"uagb-image-caption\"><strong><em>L&rsquo;apport du Kurash est net dans le Sambo-Plage<\/em><\/strong><\/figcaption><\/figure><\/div>\n<\/div>\n<\/div><\/div>\n\n\n\n<div class=\"wp-block-uagb-container uagb-block-fe46d8eb alignwide uagb-is-root-container\">\n<div class=\"wp-block-uagb-advanced-heading uagb-block-6582f8fe\"><h2 class=\"uagb-heading-text\"><strong>Le sambo se divise en trois formes<\/strong><\/h2><\/div>\n\n\n\n<div class=\"wp-block-uagb-container uagb-block-41df1c32\">\n<div class=\"wp-block-uagb-container uagb-block-30b437b5\">\n<div class=\"wp-block-uagb-advanced-heading uagb-block-2b780a26\"><h3 class=\"uagb-heading-text\">Sambo sportif<\/h3><\/div>\n\n\n\n<p class=\"has-text-align-center\">Projections et combat au sol<\/p>\n<\/div>\n\n\n\n<div class=\"wp-block-uagb-container uagb-block-a6823af7\">\n<div class=\"wp-block-uagb-advanced-heading uagb-block-c198719b\"><h3 class=\"uagb-heading-text\">Sambo combat<\/h3><\/div>\n\n\n\n<p class=\"has-text-align-center\">Percussions, projections, pieds-poings, combat au sol, \u00e9tranglements, clefs de soumission. Il est associ\u00e9 au sambo militaire<\/p>\n<\/div>\n\n\n\n<div class=\"wp-block-uagb-container uagb-block-634ed0f2\">\n<div class=\"wp-block-uagb-advanced-heading uagb-block-2d36dae6\"><h3 class=\"uagb-heading-text\">Sambo self-d\u00e9fense<\/h3><\/div>\n\n\n\n<p class=\"has-text-align-center\">Technique d\u2019autod\u00e9fense m\u00e9langeant toutes les techniques d&rsquo;arts martiaux existants. C\u2019est la forme la plus aboutie du combat total<\/p>\n<\/div>\n<\/div>\n<\/div>\n\n\n\n<div class=\"wp-block-uagb-container uagb-block-a1589105 alignfull uagb-is-root-container\"><div class=\"uagb-container-inner-blocks-wrap\">\n<div class=\"wp-block-uagb-container uagb-block-d44127d0\">\n<figure class=\"wp-block-image size-large\"><img loading=\"lazy\" decoding=\"async\" width=\"1024\" height=\"886\" src=\"http:\/\/s587574322.onlinehome.fr\/wp-content\/uploads\/2023\/09\/Sambo_at_the_2015_European_Games-1024x886.jpg\" alt=\"\" class=\"wp-image-220\" srcset=\"http:\/\/s587574322.onlinehome.fr\/wp-content\/uploads\/2023\/09\/Sambo_at_the_2015_European_Games-1024x886.jpg 1024w, http:\/\/s587574322.onlinehome.fr\/wp-content\/uploads\/2023\/09\/Sambo_at_the_2015_European_Games-300x259.jpg 300w, http:\/\/s587574322.onlinehome.fr\/wp-content\/uploads\/2023\/09\/Sambo_at_the_2015_European_Games-768x664.jpg 768w, http:\/\/s587574322.onlinehome.fr\/wp-content\/uploads\/2023\/09\/Sambo_at_the_2015_European_Games.jpg 1494w\" sizes=\"auto, (max-width: 1024px) 100vw, 1024px\" \/><\/figure>\n<\/div>\n\n\n\n<div class=\"wp-block-uagb-container uagb-block-00db15db\">\n<div class=\"wp-block-uagb-advanced-heading uagb-block-df6fdad5\"><h3 class=\"uagb-heading-text\">Une synth\u00e8se r\u00e9aliste<\/h3><\/div>\n\n\n\n<p>La synth\u00e8se op\u00e9r\u00e9e dans le syst\u00e8me Sambo retient les techniques les plus efficaces et les plus r\u00e9alistes. On y retrouve l\u2019h\u00e9ritage des m\u00e9thodes guerri\u00e8res les plus redoutables (des farouches&nbsp;<a href=\"https:\/\/larevuedhistoiremilitaire.fr\/2019\/11\/19\/gengis-khan-du-guerrier-des-steppes-au-conquerant\/\">combattants de Gengis Khan<\/a>&nbsp;aux forces sp\u00e9ciales d\u2019aujourd\u2019hui), et les gestes oubli\u00e9s dans d\u2019autres disciplines.<\/p>\n<\/div>\n<\/div><\/div>\n\n\n\n<div class=\"wp-block-uagb-container uagb-block-45c6d673 alignfull uagb-is-root-container\"><div class=\"uagb-container-inner-blocks-wrap\">\n<div class=\"wp-block-uagb-container uagb-block-24c6b235\">\n<p>Outre le Judo et les Ju-jitsu, le sambo tire ses racines des diff\u00e9rentes luttes des steppes dont voici les 5 principales&nbsp;:<\/p>\n\n\n\n<ul class=\"wp-block-list\">\n<li><em>Tchidaoba&nbsp;<\/em>&nbsp;de&nbsp;G\u00e9orgie<\/li>\n\n\n\n<li><em>Kures&nbsp;:<\/em>&nbsp;du&nbsp;Kazakhstan<\/li>\n\n\n\n<li><em>Gulesch&nbsp;:<\/em>&nbsp;d&rsquo;Azerba\u00efdjan<\/li>\n\n\n\n<li><em>Kurijash&nbsp;:<\/em>&nbsp;du&nbsp;Tatarstan&nbsp;et du&nbsp;Bachkortostan<\/li>\n\n\n\n<li><em>Kurash&nbsp;:<\/em>&nbsp;d&rsquo;Ouzb\u00e9kistan<\/li>\n<\/ul>\n\n\n\n<p><\/p>\n<\/div>\n\n\n\n<div class=\"wp-block-uagb-container uagb-block-483bc705\">\n<div class=\"wp-block-uagb-image uagb-block-e5df8251 wp-block-uagb-image--layout-default wp-block-uagb-image--effect-static wp-block-uagb-image--align-none\"><figure class=\"wp-block-uagb-image__figure\"><img decoding=\"async\" srcset=\"http:\/\/s587574322.onlinehome.fr\/wp-content\/uploads\/2023\/09\/ill_1848725_23a9_rtr2pv05-1024x683.jpg \" sizes=\"auto, (max-width: 480px) 150px\" src=\"http:\/\/s587574322.onlinehome.fr\/wp-content\/uploads\/2023\/09\/ill_1848725_23a9_rtr2pv05-1024x683.jpg\" alt=\"\" class=\"uag-image-225\" width=\"474\" height=\"266\" title=\"\" loading=\"lazy\"\/><figcaption class=\"uagb-image-caption\">Un combat de <em>Tchidaoba<\/em><\/figcaption><\/figure><\/div>\n<\/div>\n<\/div><\/div>\n\n\n\n<div class=\"wp-block-uagb-container uagb-block-47edcf3e alignfull uagb-is-root-container\"><div class=\"uagb-container-inner-blocks-wrap\">\n<div class=\"wp-block-uagb-container uagb-block-eb0b9317\">\n<figure class=\"wp-block-image size-full\"><img loading=\"lazy\" decoding=\"async\" width=\"845\" height=\"470\" src=\"http:\/\/s587574322.onlinehome.fr\/wp-content\/uploads\/2023\/09\/borba-kurash.jpg\" alt=\"\" class=\"wp-image-350\" srcset=\"http:\/\/s587574322.onlinehome.fr\/wp-content\/uploads\/2023\/09\/borba-kurash.jpg 845w, http:\/\/s587574322.onlinehome.fr\/wp-content\/uploads\/2023\/09\/borba-kurash-300x167.jpg 300w, http:\/\/s587574322.onlinehome.fr\/wp-content\/uploads\/2023\/09\/borba-kurash-768x427.jpg 768w\" sizes=\"auto, (max-width: 845px) 100vw, 845px\" \/><\/figure>\n<\/div>\n\n\n\n<div class=\"wp-block-uagb-container uagb-block-38cfa6a5\">\n<p>On y trouve encore d&rsquo;autres types de luttes qui sont moins connus&nbsp;:<\/p>\n\n\n\n<ul class=\"wp-block-list\">\n<li><em>Goretch&nbsp;:<\/em>&nbsp;du&nbsp;Turkm\u00e9nistan<\/li>\n\n\n\n<li><em>Kokh&nbsp;:<\/em>&nbsp;d&rsquo;Arm\u00e9nie<\/li>\n\n\n\n<li><em>Trinte&nbsp;:<\/em>&nbsp;de&nbsp;Moldavie<\/li>\n\n\n\n<li><em>Akatuy&nbsp;:<\/em>&nbsp;de&nbsp;Tchouvachie<\/li>\n\n\n\n<li><em>Khapsagay&nbsp;:<\/em>&nbsp;de&nbsp;Yakoutie<\/li>\n\n\n\n<li><em>Kuresh&nbsp;:<\/em>&nbsp;du&nbsp;Touva<\/li>\n<\/ul>\n<\/div>\n<\/div><\/div>\n\n\n\n<div class=\"wp-block-uagb-container uagb-block-562f3599 alignfull uagb-is-root-container\"><div class=\"uagb-container-inner-blocks-wrap\">\n<div class=\"wp-block-uagb-image aligncenter uagb-block-aee79fe9 wp-block-uagb-image--layout-default wp-block-uagb-image--effect-static wp-block-uagb-image--align-center\"><figure class=\"wp-block-uagb-image__figure\"><img decoding=\"async\" srcset=\"http:\/\/s587574322.onlinehome.fr\/wp-content\/uploads\/2023\/08\/Ecusson-Couleurs@4x.png \" sizes=\"auto, (max-width: 480px) 150px\" src=\"http:\/\/s587574322.onlinehome.fr\/wp-content\/uploads\/2023\/08\/Ecusson-Couleurs@4x.png\" alt=\"\" class=\"uag-image-42\" width=\"200\" height=\"576\" title=\"\" loading=\"lazy\"\/><\/figure><\/div>\n\n\n\n<p class=\"has-text-align-center\">Du c\u00f4t\u00e9 occidental les apports de la&nbsp;Lutte gr\u00e9co-romaine, la&nbsp;Lutte libre sont manifestes. Dans les dimensions combat et d\u00e9fense, &nbsp;Boxe,&nbsp;Savate, &nbsp;Muay tha\u00ef, le&nbsp;Wushu, le&nbsp;Pencak-Silat, se m\u00ealent.<br><br><a href=\"https:\/\/totalsamboaquitaine.fr\/total-sambo-aquitaine\/\"><strong>Total Sambo Aquitaine<\/strong><\/a>&nbsp;offre un sambo ouvert aux d\u00e9butants et aux pratiquants de tous horizons. Notre enrichissement est mutuel, pourvu qu\u2019il se fasse avec Force-Honneur-Respect (\u00ab&nbsp;C\u2019est FHoR&nbsp;\u00bb est notre credo).<\/p>\n<\/div><\/div>\n\n\n\n<div class=\"wp-block-uagb-container uagb-block-5879df00 alignfull uagb-is-root-container\"><div class=\"uagb-container-inner-blocks-wrap\">\n<div class=\"wp-block-columns is-layout-flex wp-container-core-columns-is-layout-28f84493 wp-block-columns-is-layout-flex\">\n<div class=\"wp-block-column is-layout-flow wp-block-column-is-layout-flow\">\n<div class=\"wp-block-uagb-advanced-heading uagb-block-fe9ffbc0\"><h4 class=\"uagb-heading-text\"><strong>L\u2019esprit du sambo<\/strong><\/h4><\/div>\n\n\n\n<p>D&rsquo;inspiration militaire, le Sambo, sport aux 1000 cl\u00e9s, a pour objectif de neutraliser son adversaire en utilisant des techniques debout pour obtenir des positions dominantes (projections, KO), des techniques au sol pour obtenir des soumissions (cl\u00e9s articulaires, \u00e9tranglements, compressions musculaires, \u00e9longations ou \u00e9cart\u00e8lements ligamentaires et musculaires) obligeant son adversaire \u00e0 abandonner le combat.<\/p>\n\n\n\n<p>Int\u00e9grant avant l&rsquo;heure, les techniques de JJB, grappling, judo, boxe tha\u00ef, luttes, le face-\u00e0-face en Sambo se d\u00e9roule tant debout qu&rsquo;au sol&nbsp; dans un va-et-vient permanent. Seules les r\u00e8gles sp\u00e9cifiques au sambo sportif, au sambo combat et au sambo d\u00e9fense font loi.<\/p>\n<\/div>\n\n\n\n<div class=\"wp-block-column is-layout-flow wp-block-column-is-layout-flow\">\n<div class=\"wp-block-uagb-advanced-heading uagb-block-063d8298\"><h4 class=\"uagb-heading-text\"><strong>Le d\u00e9roulement du combat<\/strong><\/h4><\/div>\n\n\n\n<p>En comp\u00e9tition ou en salle les combats de Sambo commencent debout. Ils alternent sans arr\u00eat les phases debout et au sol. Deux actions-reines se distinguent par leur aspect visuel : la projection sur le dos et le KO. Plus subtile, la soumission (l&rsquo;adversaire tape [sur son opposant, sur le sol] ou crie) permet le m\u00eame r\u00e9sultat. Si aucun des 3 cas de figure pr\u00e9c\u00e9dents n\u2019a lieu \u00e0 la fin du temps r\u00e9glementaire, la personne ayant marqu\u00e9 le plus de points est alors d\u00e9clar\u00e9e gagnante.<\/p>\n\n\n\n<p>Dans le sambo d\u00e9fense, l&rsquo;objectif est la neutralisation la plus rapide et la plus efficace de l&rsquo;adversaire en r\u00e9duisant son exposition. Tous coups sont permis y compris ceux du Krav-Maga, du Kalaripayat, du CAC des l\u00e9gionnaires.<\/p>\n\n\n\n<p>On le voit : le Sambo est une matrice pour le combat mix, le MMA (mix martial arts).<\/p>\n<\/div>\n<\/div>\n<\/div><\/div>\n","protected":false},"excerpt":{"rendered":"<p>LE SAMBO, UN ART MARTIAL MIXTE MODERNE Le Sambo est un art martial&nbsp;mixte&nbsp;par excellence. D&rsquo;origine sovi\u00e9tique, il ne compte pas moins&nbsp;trois p\u00e8res fondateurs, et de nombreuses techniques inspiratrices. Fort de son&nbsp;succ\u00e8s&nbsp;face aux nazis, il se d\u00e9veloppe sous une forme&nbsp; sportive (luttes au corps-\u00e0-corps + compressions), une forme de combat (forme sportive + pieds-poings + \u00e9tranglements), &hellip;<\/p>\n<p class=\"read-more\"> <a class=\"\" href=\"http:\/\/s587574322.onlinehome.fr\/?page_id=110\"> <span class=\"screen-reader-text\">Tout savoir sur le Sambo<\/span> Lire la suite\u00a0\u00bb<\/a><\/p>\n","protected":false},"author":1,"featured_media":0,"parent":0,"menu_order":0,"comment_status":"closed","ping_status":"closed","template":"","meta":{"_uag_custom_page_level_css":"","site-sidebar-layout":"default","site-content-layout":"","ast-site-content-layout":"","site-content-style":"default","site-sidebar-style":"default","ast-global-header-display":"","ast-banner-title-visibility":"","ast-main-header-display":"","ast-hfb-above-header-display":"","ast-hfb-below-header-display":"","ast-hfb-mobile-header-display":"","site-post-title":"","ast-breadcrumbs-content":"","ast-featured-img":"","footer-sml-layout":"","theme-transparent-header-meta":"","adv-header-id-meta":"","stick-header-meta":"","header-above-stick-meta":"","header-main-stick-meta":"","header-below-stick-meta":"","astra-migrate-meta-layouts":"","footnotes":""},"class_list":["post-110","page","type-page","status-publish","hentry"],"uagb_featured_image_src":{"full":false,"thumbnail":false,"medium":false,"medium_large":false,"large":false,"1536x1536":false,"2048x2048":false},"uagb_author_info":{"display_name":"totalsamboaquitaine","author_link":"http:\/\/s587574322.onlinehome.fr\/?author=1"},"uagb_comment_info":0,"uagb_excerpt":"LE SAMBO, UN ART MARTIAL MIXTE MODERNE Le Sambo est un art martial&nbsp;mixte&nbsp;par excellence. D&rsquo;origine sovi\u00e9tique, il ne compte pas moins&nbsp;trois p\u00e8res fondateurs, et de nombreuses techniques inspiratrices. Fort de son&nbsp;succ\u00e8s&nbsp;face aux nazis, il se d\u00e9veloppe sous une forme&nbsp; sportive (luttes au corps-\u00e0-corps + compressions), une forme de combat (forme sportive + pieds-poings + \u00e9tranglements),\u2026","_links":{"self":[{"href":"http:\/\/s587574322.onlinehome.fr\/index.php?rest_route=\/wp\/v2\/pages\/110","targetHints":{"allow":["GET"]}}],"collection":[{"href":"http:\/\/s587574322.onlinehome.fr\/index.php?rest_route=\/wp\/v2\/pages"}],"about":[{"href":"http:\/\/s587574322.onlinehome.fr\/index.php?rest_route=\/wp\/v2\/types\/page"}],"author":[{"embeddable":true,"href":"http:\/\/s587574322.onlinehome.fr\/index.php?rest_route=\/wp\/v2\/users\/1"}],"replies":[{"embeddable":true,"href":"http:\/\/s587574322.onlinehome.fr\/index.php?rest_route=%2Fwp%2Fv2%2Fcomments&post=110"}],"version-history":[{"count":38,"href":"http:\/\/s587574322.onlinehome.fr\/index.php?rest_route=\/wp\/v2\/pages\/110\/revisions"}],"predecessor-version":[{"id":352,"href":"http:\/\/s587574322.onlinehome.fr\/index.php?rest_route=\/wp\/v2\/pages\/110\/revisions\/352"}],"wp:attachment":[{"href":"http:\/\/s587574322.onlinehome.fr\/index.php?rest_route=%2Fwp%2Fv2%2Fmedia&parent=110"}],"curies":[{"name":"wp","href":"https:\/\/api.w.org\/{rel}","templated":true}]}}