{"id":109,"date":"2023-08-19T16:23:31","date_gmt":"2023-08-19T14:23:31","guid":{"rendered":"http:\/\/s587574322.onlinehome.fr\/?page_id=109"},"modified":"2023-09-16T13:47:06","modified_gmt":"2023-09-16T11:47:06","slug":"les-tarifs","status":"publish","type":"page","link":"http:\/\/s587574322.onlinehome.fr\/?page_id=109","title":{"rendered":"Les tarifs"},"content":{"rendered":"\n<div class=\"wp-block-uagb-advanced-heading uagb-block-4e701e4f\"><h1 class=\"uagb-heading-text\">Les tarifs d&rsquo;inscription<\/h1><\/div>\n\n\n\n<div class=\"wp-block-uagb-container uagb-block-fe7bb390 alignfull uagb-is-root-container\"><div class=\"uagb-container-inner-blocks-wrap\">\n<div class=\"wp-block-uagb-container uagb-block-af35e0d9\">\n<h2 class=\"wp-block-heading has-text-align-center\"><strong>Adulte<\/strong><\/h2>\n\n\n\n<p class=\"has-text-align-center\">\u00a0(\u00e0 partir de 15 ans) : <strong>400 \u20ac<\/strong>\u00a0 (dont assurance f\u00e9d\u00e9rale, adh\u00e9sion \u00e0 l\u2019Acad\u00e9mie) +\u00a0<strong>licence*<\/strong><\/p>\n\n\n\n<div class=\"wp-block-uagb-buttons uagb-buttons__outer-wrap uagb-btn__default-btn uagb-btn-tablet__default-btn uagb-btn-mobile__default-btn uagb-block-a91f74fa\"><div class=\"uagb-buttons__wrap uagb-buttons-layout-wrap\">\n<div class=\"wp-block-uagb-buttons-child uagb-buttons__outer-wrap uagb-block-d43621f2 wp-block-button\"><div class=\"uagb-button__wrapper\"><a class=\"uagb-buttons-repeater wp-block-button__link\" href=\"\/wp-content\/uploads\/2023\/09\/Formulaire-dinscription.pdf\" onclick=\"return true;\" rel=\"follow noopener\" target=\"_self\"><div class=\"uagb-button__link\">T\u00e9l\u00e9charger le fiche d&rsquo;inscription<\/div><\/a><\/div><\/div>\n<\/div><\/div>\n<\/div>\n\n\n\n<div class=\"wp-block-uagb-container uagb-block-d72cb574\">\n<h2 class=\"wp-block-heading has-text-align-center\"><strong>Jeune<\/strong><\/h2>\n\n\n\n<p class=\"has-text-align-center\">(\u00e0 partir de 10 ans) : <strong>255 \u20ac<\/strong> (dont assurance f\u00e9d\u00e9rale, adh\u00e9sion \u00e0 l\u2019Acad\u00e9mie, entra\u00eenements outdoor, stage de TSA) +\u00a0<strong>licence*.<\/strong><\/p>\n\n\n\n<div class=\"wp-block-uagb-buttons uagb-buttons__outer-wrap uagb-btn__default-btn uagb-btn-tablet__default-btn uagb-btn-mobile__default-btn uagb-block-9866cee2\"><div class=\"uagb-buttons__wrap uagb-buttons-layout-wrap\">\n<div class=\"wp-block-uagb-buttons-child uagb-buttons__outer-wrap uagb-block-7b091b78 wp-block-button\"><div class=\"uagb-button__wrapper\"><a class=\"uagb-buttons-repeater wp-block-button__link\" href=\"\/wp-content\/uploads\/2023\/09\/Formulaire-dinscription.pdf\" onclick=\"return true;\" rel=\"follow noopener\" target=\"_self\"><div class=\"uagb-button__link\">T\u00e9l\u00e9charger le fiche d&rsquo;inscription<\/div><\/a><\/div><\/div>\n<\/div><\/div>\n<\/div>\n<\/div><\/div>\n\n\n\n<div class=\"wp-block-uagb-container uagb-block-e7fa46c7 alignfull uagb-is-root-container\"><div class=\"uagb-container-inner-blocks-wrap\">\n<p class=\"has-small-font-size\"><em><strong>*Licence enfant 22 \u20ac \/ Licence adulte 27 \u20ac<br><\/strong>La licence donne acc\u00e8s \u00e0 toutes les actions nationales du CFS et \u00e0 toutes les actions internationales de la FIAS. Elle inclut une assurance.<\/em><\/p>\n<\/div><\/div>\n\n\n\n<div class=\"wp-block-uagb-container uagb-block-7ed954ef alignfull uagb-is-root-container\"><div class=\"uagb-container-inner-blocks-wrap\">\n<div class=\"wp-block-uagb-container uagb-block-8bd5dc28\">\n<div class=\"wp-block-uagb-image uagb-block-2dc77104 wp-block-uagb-image--layout-default wp-block-uagb-image--effect-static wp-block-uagb-image--align-none\"><figure class=\"wp-block-uagb-image__figure\"><img decoding=\"async\" srcset=\"http:\/\/s587574322.onlinehome.fr\/wp-content\/uploads\/2023\/08\/Acronyme-avec-nom-du-club-Couleurs.png \" sizes=\"auto, (max-width: 480px) 150px\" src=\"http:\/\/s587574322.onlinehome.fr\/wp-content\/uploads\/2023\/08\/Acronyme-avec-nom-du-club-Couleurs.png\" alt=\"\" class=\"uag-image-25\" width=\"300\" height=\"576\" title=\"\" loading=\"lazy\"\/><\/figure><\/div>\n<\/div>\n\n\n\n<div class=\"wp-block-uagb-container uagb-block-24a07ae3\">\n<div class=\"wp-block-uagb-advanced-heading uagb-block-8d38f18b\"><h2 class=\"uagb-heading-text\"><strong>Tarif r\u00e9duit<\/strong><\/h2><\/div>\n\n\n\n<p>&#8211; 20% sur pr\u00e9sentation carte \u00e9tudiant (18 ans et plus);<br>&#8211; 20% sur pr\u00e9sentation justification ch\u00f4mage;<br>&#8211; Prix famille : nous consulter.<\/p>\n<\/div>\n<\/div><\/div>\n","protected":false},"excerpt":{"rendered":"<p>Les tarifs d&rsquo;inscription Adulte \u00a0(\u00e0 partir de 15 ans) : 400 \u20ac\u00a0 (dont assurance f\u00e9d\u00e9rale, adh\u00e9sion \u00e0 l\u2019Acad\u00e9mie) +\u00a0licence* Jeune (\u00e0 partir de 10 ans) : 255 \u20ac (dont assurance f\u00e9d\u00e9rale, adh\u00e9sion \u00e0 l\u2019Acad\u00e9mie, entra\u00eenements outdoor, stage de TSA) +\u00a0licence*. *Licence enfant 22 \u20ac \/ Licence adulte 27 \u20acLa licence donne acc\u00e8s \u00e0 toutes les &hellip;<\/p>\n<p class=\"read-more\"> <a class=\"\" href=\"http:\/\/s587574322.onlinehome.fr\/?page_id=109\"> <span class=\"screen-reader-text\">Les tarifs<\/span> Lire la suite\u00a0\u00bb<\/a><\/p>\n","protected":false},"author":1,"featured_media":0,"parent":0,"menu_order":0,"comment_status":"closed","ping_status":"closed","template":"","meta":{"_uag_custom_page_level_css":"","site-sidebar-layout":"default","site-content-layout":"","ast-site-content-layout":"","site-content-style":"default","site-sidebar-style":"default","ast-global-header-display":"","ast-banner-title-visibility":"","ast-main-header-display":"","ast-hfb-above-header-display":"","ast-hfb-below-header-display":"","ast-hfb-mobile-header-display":"","site-post-title":"","ast-breadcrumbs-content":"","ast-featured-img":"","footer-sml-layout":"","theme-transparent-header-meta":"","adv-header-id-meta":"","stick-header-meta":"","header-above-stick-meta":"","header-main-stick-meta":"","header-below-stick-meta":"","astra-migrate-meta-layouts":"","footnotes":""},"class_list":["post-109","page","type-page","status-publish","hentry"],"uagb_featured_image_src":{"full":false,"thumbnail":false,"medium":false,"medium_large":false,"large":false,"1536x1536":false,"2048x2048":false},"uagb_author_info":{"display_name":"totalsamboaquitaine","author_link":"http:\/\/s587574322.onlinehome.fr\/?author=1"},"uagb_comment_info":0,"uagb_excerpt":"Les tarifs d&rsquo;inscription Adulte \u00a0(\u00e0 partir de 15 ans) : 400 \u20ac\u00a0 (dont assurance f\u00e9d\u00e9rale, adh\u00e9sion \u00e0 l\u2019Acad\u00e9mie) +\u00a0licence* Jeune (\u00e0 partir de 10 ans) : 255 \u20ac (dont assurance f\u00e9d\u00e9rale, adh\u00e9sion \u00e0 l\u2019Acad\u00e9mie, entra\u00eenements outdoor, stage de TSA) +\u00a0licence*. *Licence enfant 22 \u20ac \/ Licence adulte 27 \u20acLa licence donne acc\u00e8s \u00e0 toutes les\u2026","_links":{"self":[{"href":"http:\/\/s587574322.onlinehome.fr\/index.php?rest_route=\/wp\/v2\/pages\/109","targetHints":{"allow":["GET"]}}],"collection":[{"href":"http:\/\/s587574322.onlinehome.fr\/index.php?rest_route=\/wp\/v2\/pages"}],"about":[{"href":"http:\/\/s587574322.onlinehome.fr\/index.php?rest_route=\/wp\/v2\/types\/page"}],"author":[{"embeddable":true,"href":"http:\/\/s587574322.onlinehome.fr\/index.php?rest_route=\/wp\/v2\/users\/1"}],"replies":[{"embeddable":true,"href":"http:\/\/s587574322.onlinehome.fr\/index.php?rest_route=%2Fwp%2Fv2%2Fcomments&post=109"}],"version-history":[{"count":49,"href":"http:\/\/s587574322.onlinehome.fr\/index.php?rest_route=\/wp\/v2\/pages\/109\/revisions"}],"predecessor-version":[{"id":337,"href":"http:\/\/s587574322.onlinehome.fr\/index.php?rest_route=\/wp\/v2\/pages\/109\/revisions\/337"}],"wp:attachment":[{"href":"http:\/\/s587574322.onlinehome.fr\/index.php?rest_route=%2Fwp%2Fv2%2Fmedia&parent=109"}],"curies":[{"name":"wp","href":"https:\/\/api.w.org\/{rel}","templated":true}]}}