{"id":107,"date":"2023-08-19T16:22:28","date_gmt":"2023-08-19T14:22:28","guid":{"rendered":"http:\/\/s587574322.onlinehome.fr\/?page_id=107"},"modified":"2023-09-16T13:14:51","modified_gmt":"2023-09-16T11:14:51","slug":"les-horaires","status":"publish","type":"page","link":"http:\/\/s587574322.onlinehome.fr\/?page_id=107","title":{"rendered":"Les horaires"},"content":{"rendered":"\n<div class=\"wp-block-uagb-container uagb-block-7d89a3d0 alignfull uagb-is-root-container\"><div class=\"uagb-container-inner-blocks-wrap\">\n<h2 class=\"wp-block-heading has-text-align-center has-ast-global-color-1-color has-text-color\" style=\"margin-top:0rem;margin-bottom:1.5rem\"><strong>Nos horaires<\/strong><\/h2>\n\n\n\n<div class=\"wp-block-columns is-layout-flex wp-container-core-columns-is-layout-28f84493 wp-block-columns-is-layout-flex\">\n<div class=\"wp-block-column is-layout-flow wp-block-column-is-layout-flow\">\n<div class=\"wp-block-uagb-advanced-heading uagb-block-0e2fecea\"><h4 class=\"uagb-heading-text\"><strong>Pour les jeunes <\/strong><\/h4><\/div>\n\n\n\n<p class=\"has-text-align-center\"><strong>Mardi 18h00, dojo bleu<\/strong><\/p>\n\n\n\n<p class=\"has-text-align-center\">Adresse : Damo Yuan Acad\u00e9mie, 59 cours Saint Louis -fond de l&rsquo;impasse Gaussein- Quartier des Chartrons \u2013 33000 Bordeaux<\/p>\n<\/div>\n\n\n\n<div class=\"wp-block-column is-layout-flow wp-block-column-is-layout-flow\">\n<div class=\"wp-block-uagb-advanced-heading uagb-block-d90591b3\"><h4 class=\"uagb-heading-text\"><strong>Sambo combat<\/strong><\/h4><\/div>\n\n\n\n<p class=\"has-text-align-center\"><strong>Mardi 20h00, dojo jaune<\/strong><\/p>\n\n\n\n<p class=\"has-text-align-center\">Adresse : Damo Yuan Acad\u00e9mie, 59 cours Saint Louis -fond de l&rsquo;impasse Gaussein- Quartier des Chartrons \u2013 33000 Bordeaux<\/p>\n<\/div>\n\n\n\n<div class=\"wp-block-column is-layout-flow wp-block-column-is-layout-flow\">\n<div class=\"wp-block-uagb-advanced-heading uagb-block-05d985cb\"><h4 class=\"uagb-heading-text\"><strong>Sambo sportif<\/strong><\/h4><\/div>\n\n\n\n<p class=\"has-text-align-center\"><strong>Jeudi 20h00, dojo bleu<\/strong><\/p>\n\n\n\n<p class=\"has-text-align-center\">Adresse : Damo Yuan Acad\u00e9mie, 59 cours Saint Louis -fond de l&rsquo;impasse Gaussein- Quartier des Chartrons \u2013 33000 Bordeaux<\/p>\n<\/div>\n<\/div>\n<\/div><\/div>\n\n\n\n<div class=\"wp-block-uagb-container uagb-block-c61186f7 alignfull uagb-is-root-container\"><div class=\"uagb-container-inner-blocks-wrap\">\n<div class=\"wp-block-uagb-container uagb-block-8b852efc\">\t\t\t<div \n\t\t\tclass=\"wp-block-uagb-google-map uagb-google-map__wrap uagb-block-b19aa590    \"\n\t\t\tstyle=\"\" >\n\t\t\t\t<iframe\n\t\t\t\t\tclass=\"uagb-google-map__iframe\"\n\t\t\t\t\ttitle=\"Google Map for \"\n\t\t\t\t\tsrc=\"https:\/\/maps.google.com\/maps?q=Damo%20Yuan%20Acad%C3%A9mie%2C%2059%20cours%20Saint%20Louis%20-fond%20de%20l%27impasse%20Gaussein-%20Quartier%20des%20Chartrons%20%E2%80%93%2033000%20Bordeaux&#038;z=12&#038;hl=en&#038;t=m&#038;output=embed&#038;iwloc=near\"\n\t\t\t\t\twidth=\"640\"\n\t\t\t\t\theight=\"300\"\n\t\t\t\t\tloading=\"lazy\"\n\t\t\t\t><\/iframe>\n\t\t\t<\/div>\n\t\t\t<\/div>\n\n\n\n<div class=\"wp-block-uagb-container uagb-block-05023c0e\">\n<p>Nos cours sont ouverts sont con\u00e7us pour des pratiquants recherchant un loisir pour leur bien-\u00eatre, pour des pratiquants recherchant l&rsquo;\u00e9motion de la comp\u00e9tition\u2026 Et tous les sportifs recherchant le partage, le progr\u00e8s individuel et collectif.<\/p>\n\n\n\n<p>Pour nous trouver, suivez l&rsquo;itin\u00e9raire de notre fiche Google :&nbsp;<a href=\"https:\/\/www.google.fr\/search?q=total+sambo+aquitaine&amp;sxsrf=ALiCzsZQmdCTOgTdY_-_FMmqs73pu_7_BQ%3A1669729366449&amp;source=hp&amp;ei=VgyGY6OZGY-pkdUP2Mmq4Aw&amp;iflsig=AJiK0e8AAAAAY4YaZoMVm2TAQnG2W4pmi2bw7sqs_BJV&amp;oq=&amp;gs_lcp=Cgdnd3Mtd2l6EAEYADIHCCMQ6gIQJzIHCCMQ6gIQJzIHCCMQ6gIQJzIHCCMQ6gIQJzIHCCMQ6gIQJzIHCCMQ6gIQJzIHCCMQ6gIQJzIHCCMQ6gIQJzIHCCMQ6gIQJ1AAWABguQ1oAXAAeACAAQCIAQCSAQCYAQCwAQk&amp;sclient=gws-wiz\">total sambo aquitaine \u2013 Recherche Google<\/a><\/p>\n<\/div>\n<\/div><\/div>\n","protected":false},"excerpt":{"rendered":"<p>Nos horaires Pour les jeunes Mardi 18h00, dojo bleu Adresse : Damo Yuan Acad\u00e9mie, 59 cours Saint Louis -fond de l&rsquo;impasse Gaussein- Quartier des Chartrons \u2013 33000 Bordeaux Sambo combat Mardi 20h00, dojo jaune Adresse : Damo Yuan Acad\u00e9mie, 59 cours Saint Louis -fond de l&rsquo;impasse Gaussein- Quartier des Chartrons \u2013 33000 Bordeaux Sambo sportif &hellip;<\/p>\n<p class=\"read-more\"> <a class=\"\" href=\"http:\/\/s587574322.onlinehome.fr\/?page_id=107\"> <span class=\"screen-reader-text\">Les horaires<\/span> Lire la suite\u00a0\u00bb<\/a><\/p>\n","protected":false},"author":1,"featured_media":0,"parent":0,"menu_order":0,"comment_status":"closed","ping_status":"closed","template":"","meta":{"_uag_custom_page_level_css":"","site-sidebar-layout":"default","site-content-layout":"","ast-site-content-layout":"","site-content-style":"default","site-sidebar-style":"default","ast-global-header-display":"","ast-banner-title-visibility":"","ast-main-header-display":"","ast-hfb-above-header-display":"","ast-hfb-below-header-display":"","ast-hfb-mobile-header-display":"","site-post-title":"","ast-breadcrumbs-content":"","ast-featured-img":"","footer-sml-layout":"","theme-transparent-header-meta":"","adv-header-id-meta":"","stick-header-meta":"","header-above-stick-meta":"","header-main-stick-meta":"","header-below-stick-meta":"","astra-migrate-meta-layouts":"","footnotes":""},"class_list":["post-107","page","type-page","status-publish","hentry"],"uagb_featured_image_src":{"full":false,"thumbnail":false,"medium":false,"medium_large":false,"large":false,"1536x1536":false,"2048x2048":false},"uagb_author_info":{"display_name":"totalsamboaquitaine","author_link":"http:\/\/s587574322.onlinehome.fr\/?author=1"},"uagb_comment_info":0,"uagb_excerpt":"Nos horaires Pour les jeunes Mardi 18h00, dojo bleu Adresse : Damo Yuan Acad\u00e9mie, 59 cours Saint Louis -fond de l&rsquo;impasse Gaussein- Quartier des Chartrons \u2013 33000 Bordeaux Sambo combat Mardi 20h00, dojo jaune Adresse : Damo Yuan Acad\u00e9mie, 59 cours Saint Louis -fond de l&rsquo;impasse Gaussein- Quartier des Chartrons \u2013 33000 Bordeaux Sambo sportif\u2026","_links":{"self":[{"href":"http:\/\/s587574322.onlinehome.fr\/index.php?rest_route=\/wp\/v2\/pages\/107","targetHints":{"allow":["GET"]}}],"collection":[{"href":"http:\/\/s587574322.onlinehome.fr\/index.php?rest_route=\/wp\/v2\/pages"}],"about":[{"href":"http:\/\/s587574322.onlinehome.fr\/index.php?rest_route=\/wp\/v2\/types\/page"}],"author":[{"embeddable":true,"href":"http:\/\/s587574322.onlinehome.fr\/index.php?rest_route=\/wp\/v2\/users\/1"}],"replies":[{"embeddable":true,"href":"http:\/\/s587574322.onlinehome.fr\/index.php?rest_route=%2Fwp%2Fv2%2Fcomments&post=107"}],"version-history":[{"count":15,"href":"http:\/\/s587574322.onlinehome.fr\/index.php?rest_route=\/wp\/v2\/pages\/107\/revisions"}],"predecessor-version":[{"id":288,"href":"http:\/\/s587574322.onlinehome.fr\/index.php?rest_route=\/wp\/v2\/pages\/107\/revisions\/288"}],"wp:attachment":[{"href":"http:\/\/s587574322.onlinehome.fr\/index.php?rest_route=%2Fwp%2Fv2%2Fmedia&parent=107"}],"curies":[{"name":"wp","href":"https:\/\/api.w.org\/{rel}","templated":true}]}}